{"id":1102,"date":"2018-06-04T11:06:30","date_gmt":"2018-06-04T19:06:30","guid":{"rendered":"https:\/\/bettstruckparts.com\/?page_id=1102"},"modified":"2025-05-25T11:27:34","modified_gmt":"2025-05-25T19:27:34","slug":"santa-fe-springs","status":"publish","type":"page","link":"https:\/\/bettstruckparts.com\/es\/truck-repair\/leaf-spring-repair\/santa-fe-springs\/","title":{"rendered":"Reparaci\u00f3n de muelles Santa Fe Springs"},"content":{"rendered":"<div class=\"wpb-content-wrapper\"><div class=\"vc_row wpb_row vc_row-fluid vc_custom_1516047752276 vc_row-has-fill vc_row-o-equal-height vc_row-flex\"><div class=\"wpb_column vc_column_container vc_col-sm-3 vc_col-has-fill\"><div class=\"vc_column-inner vc_custom_1510682040425\"><div class=\"wpb_wrapper\"><div  class=\"wpb_widgetised_column wpb_content_element sidebar-content\">\n\t\t<div class=\"wpb_wrapper\">\n\t\t\t\n\t\t\t<section id=\"nav_menu-4\" class=\"widget widget_nav_menu\"><div class=\"widget-title\">Reparaci\u00f3n de camiones<\/div><div class=\"menu-truck-repair-container\"><ul id=\"menu-truck-repair\" class=\"menu\"><li id=\"menu-item-341\" class=\"menu-item menu-item-type-post_type menu-item-object-page menu-item-341\"><a href=\"https:\/\/bettstruckparts.com\/es\/truck-repair\/air-ride-control\/\">Control de la suspensi\u00f3n neum\u00e1tica<\/a><\/li>\n<li id=\"menu-item-382\" class=\"menu-item menu-item-type-post_type menu-item-object-page menu-item-382\"><a href=\"https:\/\/bettstruckparts.com\/es\/truck-repair\/truck-wheel-alignments\/\">Servicio de alineaci\u00f3n de ruedas<\/a><\/li>\n<li id=\"menu-item-381\" class=\"menu-item menu-item-type-post_type menu-item-object-page menu-item-381\"><a href=\"https:\/\/bettstruckparts.com\/es\/truck-repair\/auxiliary-power\/\">Alimentaci\u00f3n auxiliar<\/a><\/li>\n<li id=\"menu-item-380\" class=\"menu-item menu-item-type-post_type menu-item-object-page menu-item-380\"><a href=\"https:\/\/bettstruckparts.com\/es\/truck-repair\/brake-services\/\">Servicios de reparaci\u00f3n de frenos<\/a><\/li>\n<li id=\"menu-item-390\" class=\"menu-item menu-item-type-post_type menu-item-object-page menu-item-390\"><a href=\"https:\/\/bettstruckparts.com\/es\/truck-repair\/custom-u-bolts\/\">Pernos en U a medida<\/a><\/li>\n<li id=\"menu-item-389\" class=\"menu-item menu-item-type-post_type menu-item-object-page menu-item-389\"><a href=\"https:\/\/bettstruckparts.com\/es\/truck-repair\/dot-inspection\/\">Inspecci\u00f3n DOT<\/a><\/li>\n<li id=\"menu-item-388\" class=\"menu-item menu-item-type-post_type menu-item-object-page menu-item-388\"><a href=\"https:\/\/bettstruckparts.com\/es\/truck-repair\/drivetrain-repair\/\">Servicios de reparaci\u00f3n de trenes de transmisi\u00f3n<\/a><\/li>\n<li id=\"menu-item-387\" class=\"menu-item menu-item-type-post_type menu-item-object-page menu-item-387\"><a href=\"https:\/\/bettstruckparts.com\/es\/truck-repair\/electrical-repair\/\">Reparaci\u00f3n el\u00e9ctrica<\/a><\/li>\n<li id=\"menu-item-386\" class=\"menu-item menu-item-type-post_type menu-item-object-page menu-item-386\"><a href=\"https:\/\/bettstruckparts.com\/es\/truck-repair\/leaf-spring-repair\/\">Reparaci\u00f3n de ballestas<\/a><\/li>\n<li id=\"menu-item-385\" class=\"menu-item menu-item-type-post_type menu-item-object-page menu-item-385\"><a href=\"https:\/\/bettstruckparts.com\/es\/truck-repair\/steering-repair\/\">Reparaci\u00f3n de la direcci\u00f3n<\/a><\/li>\n<li id=\"menu-item-384\" class=\"menu-item menu-item-type-post_type menu-item-object-page menu-item-384\"><a href=\"https:\/\/bettstruckparts.com\/es\/truck-repair\/suspension-services\/\">Servicios de suspensi\u00f3n<\/a><\/li>\n<li id=\"menu-item-383\" class=\"menu-item menu-item-type-post_type menu-item-object-page menu-item-383\"><a href=\"https:\/\/bettstruckparts.com\/es\/truck-repair\/truck-axle-repair\/\">Reparaci\u00f3n de ejes de camiones<\/a><\/li>\n<\/ul><\/div><\/section>\n\t\t<\/div>\n\t<\/div>\n<\/div><\/div><\/div><div class=\"wpb_column vc_column_container vc_col-sm-9\"><div class=\"vc_column-inner vc_custom_1510682076814\"><div class=\"wpb_wrapper\"><div class=\"vc_row wpb_row vc_inner vc_row-fluid vc_custom_1748201088397\"><div class=\"wpb_column vc_column_container vc_col-sm-12\"><div class=\"vc_column-inner vc_custom_1486667994280\"><div class=\"wpb_wrapper\">\n\t<div class=\"wpb_text_column wpb_content_element\" >\n\t\t<div class=\"wpb_wrapper\">\n\t\t\t<h1 style=\"text-align: center;\">Reparaci\u00f3n y Reemplazo de Resortes de Hojas: Santa Fe Springs, CA<\/h1>\n\n\t\t<\/div>\n\t<\/div>\n<div class=\"ubtn-ctn-center\"><a class=\"ubtn-link ult-adjust-bottom-margin ubtn-center ubtn-normal\" href=\"\/es\/contact\/\" ><button type=\"button\" id=\"ubtn-2995\"  class=\"ubtn ult-adjust-bottom-margin ult-responsive ubtn-normal ubtn-fade-bg  none  ubtn-center   tooltip-69efab62d82ac\"  data-hover=\"#ffffff\" data-border-color=\"#ad172b\" data-bg=\"rgba(255,255,255,0.01)\" data-hover-bg=\"#ad172b\" data-border-hover=\"#ffffff\" data-shadow-hover=\"\" data-shadow-click=\"none\" data-shadow=\"\" data-shd-shadow=\"\"  data-ultimate-target='#ubtn-2995'  data-responsive-json-new='{\"font-size\":\"desktop:16px;\",\"line-height\":\"\"}'  style=\"font-weight:bold;border-radius:15px;border-width:2px;border-color:#ad172b;border-style:solid;background: rgba(255,255,255,0.01);color: #ad172b;\"><span class=\"ubtn-hover\" style=\"background-color:#ad172b\"><\/span><span class=\"ubtn-data ubtn-text\" >Concertar una cita<\/span><\/button><\/a><\/div>\n\t<div class=\"wpb_text_column wpb_content_element  vc_custom_1748201233730\" >\n\t\t<div class=\"wpb_wrapper\">\n\t\t\t<h2>Santa Fe Springs, CA Ubicaci\u00f3n y horario del taller de reparaci\u00f3n<\/h2>\n<p>Betts Truck Parts &amp; Service - Sucursal de Santa Fe Springs<br \/>\n9315 Santa Fe Springs Road<br \/>\nSanta Fe Springs, CA 90670<br \/>\n<strong>Tel\u00e9fono<\/strong>: 562-941-2300<br \/>\n<strong>Horas<\/strong>: Consulte el horario de apertura de la sucursal de Santa Fe Springs.<\/p>\n<h3><strong><img decoding=\"async\" class=\"aligncenter wp-image-718 size-full\" src=\"https:\/\/bettstruckparts.com\/wp-content\/uploads\/2017\/12\/1550726.jpg\" alt=\"reparaci\u00f3n de ballestas\" width=\"1400\" height=\"1050\" srcset=\"https:\/\/bettstruckparts.com\/wp-content\/uploads\/2017\/12\/1550726.jpg 1400w, https:\/\/bettstruckparts.com\/wp-content\/uploads\/2017\/12\/1550726-300x225.jpg 300w, https:\/\/bettstruckparts.com\/wp-content\/uploads\/2017\/12\/1550726-1024x768.jpg 1024w, https:\/\/bettstruckparts.com\/wp-content\/uploads\/2017\/12\/1550726-768x576.jpg 768w\" sizes=\"(max-width: 1400px) 100vw, 1400px\" \/><\/strong><\/h3>\n<h3><strong>AYUDE A PREVENIR PROBLEMAS DE SUSPENSI\u00d3N INSPECCIONANDO PERI\u00d3DICAMENTE SUS BALLESTAS<\/strong><\/h3>\n<p><span style=\"font-weight: 400;\">Los semirremolques, autobuses, veh\u00edculos recreativos, remolques y camiones ligeros y medianos transportan cargas pesadas que suponen una carga adicional para los ejes y otros componentes del veh\u00edculo. Para evitar da\u00f1os, estos tipos de veh\u00edculos suelen estar equipados con ballestas adem\u00e1s de la suspensi\u00f3n est\u00e1ndar de muelles helicoidales.<\/span><\/p>\n<p><span style=\"font-weight: 400;\">Los muelles helicoidales cumplen una funci\u00f3n esencial al mantener el control y la alineaci\u00f3n adecuados del veh\u00edculo, y los muelles de ballesta ayudan a proteger los ejes de su semirremolque al absorber los impactos de cargas pesadas y carreteras irregulares. Aunque estas piezas est\u00e1n hechas de acero duradero y construidas para durar varios a\u00f1os, las ballestas y los muelles helicoidales pueden desgastarse con el tiempo debido a la corrosi\u00f3n y al desgaste general.<\/span><\/p>\n<p><span style=\"font-weight: 400;\">Las ballestas desgastadas o corro\u00eddas no s\u00f3lo afectan a la forma en que su cami\u00f3n o semirremolque conduce y transporta cargas, sino que tambi\u00e9n pueden afectar a otras partes de su veh\u00edculo, como los neum\u00e1ticos, la alineaci\u00f3n y la suspensi\u00f3n. Por ello, siempre es mejor inspeccionar las ballestas y los muelles helicoidales durante las visitas rutinarias de reparaci\u00f3n y mantenimiento.<\/span><\/p>\n<h3><strong>C\u00d3MO SABER CU\u00c1NDO HA LLEGADO EL MOMENTO DE REPARAR O SUSTITUIR LAS BALLESTAS<\/strong><\/h3>\n<p>La corrosi\u00f3n y el desgaste pueden comprometer la resistencia de las ballestas. Si nota un cambio en la direcci\u00f3n de su cami\u00f3n o en la forma en que el cami\u00f3n o el remolque distribuyen el peso, es hora de inspeccionar o sustituir las ballestas.<\/p>\n<p>Si necesita un servicio r\u00e1pido y fiable <a href=\"https:\/\/bettstruckparts.com\/es\/reparacion-de-camiones\/reparacion-de-ballestas\/\">reparaci\u00f3n y sustituci\u00f3n de muelles de semirremolques<\/a> en o alrededor de Santa Fe Springs, California, usted necesita Betts Truck Parts &amp; Service. Proveemos servicio completo de reparaci\u00f3n y reemplazo de ballestas para camiones de todas las marcas y modelos, incluyendo:<\/p>\n<ul>\n<li>Camiones ligeros y medianos<\/li>\n<li>Autobuses, autocaravanas y veh\u00edculos recreativos<\/li>\n<li>Camiones de las clases 6, 7 y 8<\/li>\n<li>Remolques<\/li>\n<li>Maquinaria agr\u00edcola<\/li>\n<\/ul>\n<p><a href=\"https:\/\/bettstruckparts.com\/es\/contacto\/\">Solicitar una cita<\/a> para la reparaci\u00f3n o sustituci\u00f3n de ballestas para su cami\u00f3n en nuestro centro de servicio de Santa Fe Springs.<\/p>\n<p>Si nuestro centro de Santa Fe Springs est\u00e1 fuera de su alcance, visite uno de nuestros otros centros. <a href=\"https:\/\/bettstruckparts.com\/es\/lugares\/\">centros de servicio<\/a>.<\/p>\n<h3><strong>Servicio de Reparaci\u00f3n de Ballestas de Calidad en Santa Fe Springs Desde 1983<\/strong><\/h3>\n<p><span style=\"font-weight: 400;\">Desde 1983, Betts Truck Parts &amp; Service sucursal de Santa Fe Springs, California ha sido un proveedor de servicio completo de reparaci\u00f3n y reemplazo de resortes para semirremolques. Fue nuestro \u00fanico enfoque cuando empezamos, y s\u00f3lo hemos mejorado en los a\u00f1os transcurridos desde entonces. Servimos O \/ Os, los conductores y las flotas nacionales, regionales y locales, y ofrecemos piezas de alta calidad de servicio pesado para reparaciones de bricolaje.<\/span><\/p>\n<h3>Betts ofrece un servicio de reparaci\u00f3n de ballestas de primera clase<\/h3>\n<p>Betts Truck Parts &amp; Service ha estado proporcionando reparaci\u00f3n y mantenimiento de muelles de clase mundial para semirremolques y remolques durante m\u00e1s de 30 a\u00f1os. El servicio y reemplazo de resortes era todo lo que hac\u00edamos cuando comenzamos hace m\u00e1s de 30 a\u00f1os, \u00a1y s\u00f3lo hemos mejorado con el tiempo!<\/p>\n<p>Servimos a conductores, O\/Os y flotas de todos los tama\u00f1os, y proporcionamos piezas y componentes de primera calidad para reparaciones DIY.<\/p>\n<h3>P\u00f3ngase en contacto con nuestro taller de reparaci\u00f3n de Fresno para programar su servicio de cami\u00f3n o remolque<\/h3>\n<p>Programe el servicio de reparaci\u00f3n de ballestas en nuestro taller de Santa Fe Springs, California o <a href=\"https:\/\/bettstruckparts.com\/es\/contacto\/\">Contacto<\/a> para obtener m\u00e1s informaci\u00f3n sobre nuestras opciones de servicio de reparaci\u00f3n de camiones.<\/p>\n\n\t\t<\/div>\n\t<\/div>\n<div class=\"ubtn-ctn-center\"><a class=\"ubtn-link ult-adjust-bottom-margin ubtn-center ubtn-normal\" href=\"\/es\/contact\/\" ><button type=\"button\" id=\"ubtn-9346\"  class=\"ubtn ult-adjust-bottom-margin ult-responsive ubtn-normal ubtn-fade-bg  none  ubtn-center   tooltip-69efab62d83f1\"  data-hover=\"#ffffff\" data-border-color=\"#ad172b\" data-bg=\"rgba(255,255,255,0.01)\" data-hover-bg=\"#ad172b\" data-border-hover=\"#ffffff\" data-shadow-hover=\"\" data-shadow-click=\"none\" data-shadow=\"\" data-shd-shadow=\"\"  data-ultimate-target='#ubtn-9346'  data-responsive-json-new='{\"font-size\":\"desktop:16px;\",\"line-height\":\"\"}'  style=\"font-weight:bold;border-radius:15px;border-width:2px;border-color:#ad172b;border-style:solid;background: rgba(255,255,255,0.01);color: #ad172b;\"><span class=\"ubtn-hover\" style=\"background-color:#ad172b\"><\/span><span class=\"ubtn-data ubtn-text\" >Concertar una cita<\/span><\/button><\/a><\/div><\/div><\/div><\/div><\/div><\/div><\/div><\/div><\/div><div class=\"vc_row wpb_row vc_row-fluid\"><div class=\"wpb_column vc_column_container vc_col-sm-12\"><div class=\"vc_column-inner\"><div class=\"wpb_wrapper\"><\/div><\/div><\/div><\/div>\n<\/div>","protected":false},"excerpt":{"rendered":"<p>Truck RepairAir Ride Control Wheel Alignment Service Auxiliary Power Brake Repair Services Custom U-Bolts DOT Inspection Drivetrain Repair Services Electrical Repair Leaf Spring Repair Steering Repair Suspension Services Truck Axle Repair Leaf Spring Repair &amp; Replacement: Santa Fe Springs, CA Schedule an Appointment Santa Fe Springs, CA Repair Shop Location &amp; Hours Betts Truck Parts&hellip;<\/p>","protected":false},"author":4,"featured_media":0,"parent":359,"menu_order":0,"comment_status":"closed","ping_status":"closed","template":"template-microsite.php","meta":{"footnotes":""},"class_list":["post-1102","page","type-page","status-publish","hentry","description-off"],"_links":{"self":[{"href":"https:\/\/bettstruckparts.com\/es\/wp-json\/wp\/v2\/pages\/1102","targetHints":{"allow":["GET"]}}],"collection":[{"href":"https:\/\/bettstruckparts.com\/es\/wp-json\/wp\/v2\/pages"}],"about":[{"href":"https:\/\/bettstruckparts.com\/es\/wp-json\/wp\/v2\/types\/page"}],"author":[{"embeddable":true,"href":"https:\/\/bettstruckparts.com\/es\/wp-json\/wp\/v2\/users\/4"}],"replies":[{"embeddable":true,"href":"https:\/\/bettstruckparts.com\/es\/wp-json\/wp\/v2\/comments?post=1102"}],"version-history":[{"count":0,"href":"https:\/\/bettstruckparts.com\/es\/wp-json\/wp\/v2\/pages\/1102\/revisions"}],"up":[{"embeddable":true,"href":"https:\/\/bettstruckparts.com\/es\/wp-json\/wp\/v2\/pages\/359"}],"wp:attachment":[{"href":"https:\/\/bettstruckparts.com\/es\/wp-json\/wp\/v2\/media?parent=1102"}],"curies":[{"name":"wp","href":"https:\/\/api.w.org\/{rel}","templated":true}]}}