{"id":1101,"date":"2018-06-04T10:49:22","date_gmt":"2018-06-04T18:49:22","guid":{"rendered":"https:\/\/bettstruckparts.com\/?page_id=1101"},"modified":"2026-01-16T14:35:55","modified_gmt":"2026-01-16T22:35:55","slug":"san-leandro","status":"publish","type":"page","link":"https:\/\/bettstruckparts.com\/es\/truck-repair\/leaf-spring-repair\/san-leandro\/","title":{"rendered":"Reparaci\u00f3n de muelles en San Leandro"},"content":{"rendered":"<div class=\"wpb-content-wrapper\"><div class=\"vc_row wpb_row vc_row-fluid vc_custom_1516047752276 vc_row-has-fill vc_row-o-equal-height vc_row-flex\"><div class=\"wpb_column vc_column_container vc_col-sm-12\"><div class=\"vc_column-inner vc_custom_1510682076814\"><div class=\"wpb_wrapper\"><div class=\"vc_row wpb_row vc_inner vc_row-fluid vc_custom_1768602878310\"><div class=\"wpb_column vc_column_container vc_col-sm-12\"><div class=\"vc_column-inner vc_custom_1486667994280\"><div class=\"wpb_wrapper\">\n\t<div class=\"wpb_text_column wpb_content_element\" >\n\t\t<div class=\"wpb_wrapper\">\n\t\t\t<h1 style=\"text-align: center;\">Reparaci\u00f3n de ballestas en San Leandro<\/h1>\n<h2 style=\"text-align: center;\">Expertos en reparaci\u00f3n y sustituci\u00f3n de ballestas<\/h2>\n\n\t\t<\/div>\n\t<\/div>\n<div class=\"ubtn-ctn-center\"><a class=\"ubtn-link ult-adjust-bottom-margin ubtn-center ubtn-normal\" href=\"\/es\/contact\/\" ><button type=\"button\" id=\"ubtn-7178\"  class=\"ubtn ult-adjust-bottom-margin ult-responsive ubtn-normal ubtn-fade-bg  none  ubtn-center   tooltip-69df6df58ae97\"  data-hover=\"#ffffff\" data-border-color=\"#ad172b\" data-bg=\"rgba(255,255,255,0.01)\" data-hover-bg=\"#ad172b\" data-border-hover=\"#ffffff\" data-shadow-hover=\"\" data-shadow-click=\"none\" data-shadow=\"\" data-shd-shadow=\"\"  data-ultimate-target='#ubtn-7178'  data-responsive-json-new='{\"font-size\":\"desktop:16px;\",\"line-height\":\"\"}'  style=\"font-weight:bold;border-radius:15px;border-width:2px;border-color:#ad172b;border-style:solid;background: rgba(255,255,255,0.01);color: #ad172b;\"><span class=\"ubtn-hover\" style=\"background-color:#ad172b\"><\/span><span class=\"ubtn-data ubtn-text\" >Concertar una cita<\/span><\/button><\/a><\/div>\n\t<div class=\"wpb_text_column wpb_content_element  vc_custom_1768602952914\" >\n\t\t<div class=\"wpb_wrapper\">\n\t\t\t<div>\n<h2>Betts TPS San Leandro Taller de Reparaci\u00f3n de Ballestas Localizaci\u00f3n y Horario<\/h2>\n<p>Betts Truck Parts &amp; Service - Sucursal de San Leandro<br \/>\n950 Doolittle Drive<br \/>\nSan Leandro, CA 94577<br \/>\n<strong>Tel\u00e9fono<\/strong>: (510) 633-4500<br \/>\n<strong>Horas<\/strong>: Consulte la p\u00e1gina de la sucursal de San Leandro para conocer el horario de apertura.<\/p>\n<p>&nbsp;<\/p>\n<\/div>\n<h3><img decoding=\"async\" class=\"aligncenter wp-image-2903 size-full\" src=\"https:\/\/bettstruckparts.com\/wp-content\/uploads\/2024\/03\/Page-Header-Service-Bay.jpeg\" alt=\"Reparaci\u00f3n de semirremolques en Betts Truck Parts\" width=\"1920\" height=\"500\" srcset=\"https:\/\/bettstruckparts.com\/wp-content\/uploads\/2024\/03\/Page-Header-Service-Bay.jpeg 1920w, https:\/\/bettstruckparts.com\/wp-content\/uploads\/2024\/03\/Page-Header-Service-Bay-300x78.jpeg 300w, https:\/\/bettstruckparts.com\/wp-content\/uploads\/2024\/03\/Page-Header-Service-Bay-1024x267.jpeg 1024w, https:\/\/bettstruckparts.com\/wp-content\/uploads\/2024\/03\/Page-Header-Service-Bay-768x200.jpeg 768w, https:\/\/bettstruckparts.com\/wp-content\/uploads\/2024\/03\/Page-Header-Service-Bay-1536x400.jpeg 1536w\" sizes=\"(max-width: 1920px) 100vw, 1920px\" \/><\/h3>\n<h3>AYUDE A PREVENIR PROBLEMAS DE SUSPENSI\u00d3N INSPECCIONANDO PERI\u00d3DICAMENTE SUS BALLESTAS<\/h3>\n<p><span style=\"font-weight: 400;\">Los semirremolques, autobuses, veh\u00edculos recreativos, remolques y camiones ligeros y semipesados transportan cargas pesadas que suponen una carga adicional para los ejes y otros componentes del veh\u00edculo. <\/span><\/p>\n<p><span style=\"font-weight: 400;\">Para evitar da\u00f1os, este tipo de veh\u00edculos suelen estar equipados con ballestas adem\u00e1s de la suspensi\u00f3n est\u00e1ndar de muelles helicoidales.<\/span><\/p>\n<p><span style=\"font-weight: 400;\">Los muelles helicoidales cumplen una funci\u00f3n esencial al mantener el control y la alineaci\u00f3n adecuados del veh\u00edculo, y los muelles de ballesta ayudan a proteger los ejes de su semirremolque al absorber los impactos de cargas pesadas y carreteras irregulares. <\/span><\/p>\n<p><span style=\"font-weight: 400;\">Aunque estas piezas est\u00e1n hechas de acero duradero y construidas para durar varios a\u00f1os, las ballestas y los muelles helicoidales pueden desgastarse con el tiempo debido a la corrosi\u00f3n y al desgaste general.<\/span><\/p>\n<p><span style=\"font-weight: 400;\">Las ballestas desgastadas o corro\u00eddas no s\u00f3lo afectan a la forma en que su cami\u00f3n o semirremolque conduce y transporta cargas, sino que tambi\u00e9n pueden afectar a otras partes de su veh\u00edculo, como los neum\u00e1ticos, la alineaci\u00f3n y la suspensi\u00f3n. Por ello, siempre es mejor inspeccionar las ballestas y los muelles helicoidales durante las visitas rutinarias de reparaci\u00f3n y mantenimiento.<\/span><\/p>\n<h3>Retrasar la reparaci\u00f3n de las ballestas puede da\u00f1ar el sistema de suspensi\u00f3n de su veh\u00edculo<\/h3>\n<p>Las pesadas cargas que transportan los semirremolques, autobuses, veh\u00edculos recreativos y camiones ligeros y medianos a menudo suponen una carga adicional para el sistema de suspensi\u00f3n y los ejes del veh\u00edculo. Para reducir el desgaste y proteger los componentes de la suspensi\u00f3n, muchos camiones est\u00e1n equipados con ballestas que ayudan a absorber los impactos y reducen el desgaste excesivo del sistema de suspensi\u00f3n de muelles helicoidales.<\/p>\n<p>Los muelles de ballesta y los muelles helicoidales est\u00e1n fabricados con acero duradero y pueden durar varios a\u00f1os, pero la corrosi\u00f3n y el desgaste provocados por el transporte de cargas pesadas o irregulares pueden acelerar el desgaste y comprometer la resistencia del acero. Conducir con muelles desgastados o corro\u00eddos afecta al comportamiento del veh\u00edculo y puede da\u00f1ar los neum\u00e1ticos, la alineaci\u00f3n y la suspensi\u00f3n.<\/p>\n<p>By having your leaf springs and coil springs inspected whenever you bring your truck or trailer in for scheduled maintenance, can help prevent these and other issues with your truck\u2019s suspension system, <a href=\"https:\/\/bettstruckparts.com\/es\/reparacion-de-camiones\/reparacion-de-la-direccion\/san-leandro-ca\/\">such as needing steering repair<\/a>.<\/p>\n<h3>C\u00d3MO SABER CU\u00c1NDO HA LLEGADO EL MOMENTO DE REPARAR O SUSTITUIR LAS BALLESTAS<\/h3>\n<p>Con el tiempo, la corrosi\u00f3n y el desgaste comenzar\u00e1n a comprometer la resistencia de las ballestas, lo que supondr\u00e1 una carga adicional para los ejes y el sistema de suspensi\u00f3n. Y<\/p>\n<p>Sabr\u00e1 que ha llegado el momento de inspeccionar o sustituir los muelles cuando note una diferencia en la forma en que su cami\u00f3n o remolque distribuye el peso, o cuando note un cambio en la direcci\u00f3n o en la forma de conducir el veh\u00edculo.<\/p>\n<p>Si busca <a href=\"https:\/\/bettstruckparts.com\/es\/reparacion-de-camiones\/reparacion-de-ballestas\/\">reparaci\u00f3n y sustituci\u00f3n de muelles de semirremolques<\/a> en el \u00e1rea de San Leandro, California, no busque m\u00e1s all\u00e1 de Betts Truck Parts &amp; Service. Nuestro centro de servicio de primera clase provee reparaci\u00f3n y mantenimiento de ballestas para todo tipo de camiones y veh\u00edculos similares. Damos servicio a:<\/p>\n<ul>\n<li>Camiones de las clases 6, 7 y 8<\/li>\n<li>Camiones ligeros y medianos<\/li>\n<li>Autobuses, autocaravanas, veh\u00edculos recreativos<\/li>\n<li>Maquinaria agr\u00edcola<\/li>\n<li>Remolques<\/li>\n<\/ul>\n<h3>El taller original de reparaci\u00f3n de ballestas de San Leandro desde 1972<\/h3>\n<p><span style=\"font-weight: 400;\">Desde 1972, Betts Truck Parts &amp; Service sucursal Fresno ha sido un proveedor de servicio completo de reparaci\u00f3n y reemplazo de resortes para semirremolques. Fue nuestro \u00fanico enfoque cuando empezamos, y s\u00f3lo hemos mejorado en los a\u00f1os transcurridos desde entonces. Servimos a O\/Os, conductores y flotas nacionales, regionales y locales, y ofrecemos piezas de alta calidad para trabajo pesado para reparaciones de bricolaje.<\/span><\/p>\n<h3><b>EXPERIMENTE LA MEJOR REPARACI\u00d3N DE BALLESTAS CON BETTS<\/b><\/h3>\n<p><span style=\"font-weight: 400;\">Durante m\u00e1s de 30 a\u00f1os, la reparaci\u00f3n y sustituci\u00f3n de ballestas ha sido la especialidad de Betts Truck Parts &amp; Service #1. Tenemos una amplia experiencia y conocimientos que nos permiten ofrecer un servicio superior y apoyo a los O \/ O, conductores y flotas de todos los tama\u00f1os. <\/span><\/p>\n<p><span style=\"font-weight: 400;\">Ofrecemos un servicio completo de reparaci\u00f3n y sustituci\u00f3n, as\u00ed como piezas y componentes de ballesta de primera calidad para su sustituci\u00f3n por usted mismo.<\/span><\/p>\n<h3>CONTACTE CON NUESTRO TALLER DE SAN LEANDRO PARA PROGRAMAR EL SERVICIO DE SU CAMI\u00d3N O REMOLQUE<\/h3>\n<p>Programe hoy mismo su servicio de reparaci\u00f3n de ballestas o <a href=\"https:\/\/bettstruckparts.com\/es\/contacto\/\">Contacto<\/a> para aprender m\u00e1s acerca de las opciones de servicio de reparaci\u00f3n de camiones en nuestra tienda en San Leandro, California.<\/p>\n\n\t\t<\/div>\n\t<\/div>\n<div class=\"ubtn-ctn-center\"><a class=\"ubtn-link ult-adjust-bottom-margin ubtn-center ubtn-normal\" href=\"\/es\/contact\/\" ><button type=\"button\" id=\"ubtn-9479\"  class=\"ubtn ult-adjust-bottom-margin ult-responsive ubtn-normal ubtn-fade-bg  none  ubtn-center   tooltip-69df6df58afb4\"  data-hover=\"#ffffff\" data-border-color=\"#ad172b\" data-bg=\"rgba(255,255,255,0.01)\" data-hover-bg=\"#ad172b\" data-border-hover=\"#ffffff\" data-shadow-hover=\"\" data-shadow-click=\"none\" data-shadow=\"\" data-shd-shadow=\"\"  data-ultimate-target='#ubtn-9479'  data-responsive-json-new='{\"font-size\":\"desktop:16px;\",\"line-height\":\"\"}'  style=\"font-weight:bold;border-radius:15px;border-width:2px;border-color:#ad172b;border-style:solid;background: rgba(255,255,255,0.01);color: #ad172b;\"><span class=\"ubtn-hover\" style=\"background-color:#ad172b\"><\/span><span class=\"ubtn-data ubtn-text\" >Concertar una cita<\/span><\/button><\/a><\/div><\/div><\/div><\/div><\/div><\/div><\/div><\/div><\/div>\n<\/div>","protected":false},"excerpt":{"rendered":"<p>San Leandro Leaf Spring Repair Experts in Leaf Spring Repair &amp; Replacement Schedule an Appointment Betts TPS San Leandro Leaf Spring Repair Shop Location and Hours Betts Truck Parts &amp; Service &#8211; San Leandro Branch 950 Doolittle Drive San Leandro,\u00a0CA\u00a094577 Phone: (510) 633-4500 Hours: See the San Leandro branch location page for hours of operation&hellip;<\/p>","protected":false},"author":4,"featured_media":0,"parent":359,"menu_order":0,"comment_status":"closed","ping_status":"closed","template":"template-microsite.php","meta":{"footnotes":""},"class_list":["post-1101","page","type-page","status-publish","hentry","description-off"],"_links":{"self":[{"href":"https:\/\/bettstruckparts.com\/es\/wp-json\/wp\/v2\/pages\/1101","targetHints":{"allow":["GET"]}}],"collection":[{"href":"https:\/\/bettstruckparts.com\/es\/wp-json\/wp\/v2\/pages"}],"about":[{"href":"https:\/\/bettstruckparts.com\/es\/wp-json\/wp\/v2\/types\/page"}],"author":[{"embeddable":true,"href":"https:\/\/bettstruckparts.com\/es\/wp-json\/wp\/v2\/users\/4"}],"replies":[{"embeddable":true,"href":"https:\/\/bettstruckparts.com\/es\/wp-json\/wp\/v2\/comments?post=1101"}],"version-history":[{"count":0,"href":"https:\/\/bettstruckparts.com\/es\/wp-json\/wp\/v2\/pages\/1101\/revisions"}],"up":[{"embeddable":true,"href":"https:\/\/bettstruckparts.com\/es\/wp-json\/wp\/v2\/pages\/359"}],"wp:attachment":[{"href":"https:\/\/bettstruckparts.com\/es\/wp-json\/wp\/v2\/media?parent=1101"}],"curies":[{"name":"wp","href":"https:\/\/api.w.org\/{rel}","templated":true}]}}