{"id":1100,"date":"2018-06-04T10:43:15","date_gmt":"2018-06-04T18:43:15","guid":{"rendered":"https:\/\/bettstruckparts.com\/?page_id=1100"},"modified":"2025-05-25T11:23:12","modified_gmt":"2025-05-25T19:23:12","slug":"reparacion-de-muelles-en-sacramento","status":"publish","type":"page","link":"https:\/\/bettstruckparts.com\/es\/truck-repair\/leaf-spring-repair\/sacramento-spring-repair\/","title":{"rendered":"Reparaci\u00f3n de muelles en Sacramento"},"content":{"rendered":"<div class=\"wpb-content-wrapper\"><div class=\"vc_row wpb_row vc_row-fluid vc_custom_1746996480509\"><div class=\"wpb_column vc_column_container vc_col-sm-3 vc_hidden-xs\"><div class=\"vc_column-inner\"><div class=\"wpb_wrapper\"><div  class=\"wpb_widgetised_column wpb_content_element sidebar-content solid-bg\">\n\t\t<div class=\"wpb_wrapper\">\n\t\t\t\n\t\t\t<section id=\"nav_menu-4\" class=\"widget widget_nav_menu\"><div class=\"widget-title\">Reparaci\u00f3n de camiones<\/div><div class=\"menu-truck-repair-container\"><ul id=\"menu-truck-repair\" class=\"menu\"><li id=\"menu-item-341\" class=\"menu-item menu-item-type-post_type menu-item-object-page menu-item-341\"><a href=\"https:\/\/bettstruckparts.com\/es\/truck-repair\/air-ride-control\/\">Control de la suspensi\u00f3n neum\u00e1tica<\/a><\/li>\n<li id=\"menu-item-382\" class=\"menu-item menu-item-type-post_type menu-item-object-page menu-item-382\"><a href=\"https:\/\/bettstruckparts.com\/es\/truck-repair\/truck-wheel-alignments\/\">Servicio de alineaci\u00f3n de ruedas<\/a><\/li>\n<li id=\"menu-item-381\" class=\"menu-item menu-item-type-post_type menu-item-object-page menu-item-381\"><a href=\"https:\/\/bettstruckparts.com\/es\/truck-repair\/auxiliary-power\/\">Alimentaci\u00f3n auxiliar<\/a><\/li>\n<li id=\"menu-item-380\" class=\"menu-item menu-item-type-post_type menu-item-object-page menu-item-380\"><a href=\"https:\/\/bettstruckparts.com\/es\/truck-repair\/brake-services\/\">Servicios de reparaci\u00f3n de frenos<\/a><\/li>\n<li id=\"menu-item-390\" class=\"menu-item menu-item-type-post_type menu-item-object-page menu-item-390\"><a href=\"https:\/\/bettstruckparts.com\/es\/truck-repair\/custom-u-bolts\/\">Pernos en U a medida<\/a><\/li>\n<li id=\"menu-item-389\" class=\"menu-item menu-item-type-post_type menu-item-object-page menu-item-389\"><a href=\"https:\/\/bettstruckparts.com\/es\/truck-repair\/dot-inspection\/\">Inspecci\u00f3n DOT<\/a><\/li>\n<li id=\"menu-item-388\" class=\"menu-item menu-item-type-post_type menu-item-object-page menu-item-388\"><a href=\"https:\/\/bettstruckparts.com\/es\/truck-repair\/drivetrain-repair\/\">Servicios de reparaci\u00f3n de trenes de transmisi\u00f3n<\/a><\/li>\n<li id=\"menu-item-387\" class=\"menu-item menu-item-type-post_type menu-item-object-page menu-item-387\"><a href=\"https:\/\/bettstruckparts.com\/es\/truck-repair\/electrical-repair\/\">Reparaci\u00f3n el\u00e9ctrica<\/a><\/li>\n<li id=\"menu-item-386\" class=\"menu-item menu-item-type-post_type menu-item-object-page menu-item-386\"><a href=\"https:\/\/bettstruckparts.com\/es\/truck-repair\/leaf-spring-repair\/\">Reparaci\u00f3n de ballestas<\/a><\/li>\n<li id=\"menu-item-385\" class=\"menu-item menu-item-type-post_type menu-item-object-page menu-item-385\"><a href=\"https:\/\/bettstruckparts.com\/es\/truck-repair\/steering-repair\/\">Reparaci\u00f3n de la direcci\u00f3n<\/a><\/li>\n<li id=\"menu-item-384\" class=\"menu-item menu-item-type-post_type menu-item-object-page menu-item-384\"><a href=\"https:\/\/bettstruckparts.com\/es\/truck-repair\/suspension-services\/\">Servicios de suspensi\u00f3n<\/a><\/li>\n<li id=\"menu-item-383\" class=\"menu-item menu-item-type-post_type menu-item-object-page menu-item-383\"><a href=\"https:\/\/bettstruckparts.com\/es\/truck-repair\/truck-axle-repair\/\">Reparaci\u00f3n de ejes de camiones<\/a><\/li>\n<\/ul><\/div><\/section>\n\t\t<\/div>\n\t<\/div>\n<\/div><\/div><\/div><div class=\"wpb_column vc_column_container vc_col-sm-9\"><div class=\"vc_column-inner vc_custom_1748200875684\"><div class=\"wpb_wrapper\">\n\t<div class=\"wpb_text_column wpb_content_element\" >\n\t\t<div class=\"wpb_wrapper\">\n\t\t\t<h1 style=\"text-align: center;\">Reparaci\u00f3n integral de ballestas - Sacramento, CA<\/h1>\n\n\t\t<\/div>\n\t<\/div>\n<div class=\"ubtn-ctn-center\"><a class=\"ubtn-link ult-adjust-bottom-margin ubtn-center ubtn-normal\" href=\"\/es\/contact\/\" ><button type=\"button\" id=\"ubtn-7391\"  class=\"ubtn ult-adjust-bottom-margin ult-responsive ubtn-normal ubtn-fade-bg  none  ubtn-center   tooltip-69f244ee4f3ac\"  data-hover=\"#ffffff\" data-border-color=\"#ad172b\" data-bg=\"rgba(255,255,255,0.01)\" data-hover-bg=\"#ad172b\" data-border-hover=\"#ffffff\" data-shadow-hover=\"\" data-shadow-click=\"none\" data-shadow=\"\" data-shd-shadow=\"\"  data-ultimate-target='#ubtn-7391'  data-responsive-json-new='{\"font-size\":\"desktop:16px;\",\"line-height\":\"\"}'  style=\"font-weight:bold;border-radius:15px;border-width:2px;border-color:#ad172b;border-style:solid;background: rgba(255,255,255,0.01);color: #ad172b;\"><span class=\"ubtn-hover\" style=\"background-color:#ad172b\"><\/span><span class=\"ubtn-data ubtn-text\" >Concertar una cita<\/span><\/button><\/a><\/div>\n\t<div class=\"wpb_text_column wpb_content_element  vc_custom_1748200981936\" >\n\t\t<div class=\"wpb_wrapper\">\n\t\t\t<h2>Leaf Spring Repair Sacramento, CA Ubicaci\u00f3n y horario de la tienda<\/h2>\n<p>Betts Truck Parts &amp; Service - Sucursal de Sacramento<br \/>\n1121 Striker Ave.<br \/>\nSacramento, CA 95834<br \/>\n<strong>Tel\u00e9fono<\/strong>: (916) 928-3818<br \/>\n<strong>Horas<\/strong>: Ver el <a href=\"https:\/\/bettstruckparts.com\/es\/lugares\/sacramento\/\">P\u00e1gina de la sucursal de Sacramento<\/a> horario de apertura<\/p>\n<h3><b><img decoding=\"async\" class=\"aligncenter wp-image-718 size-full\" src=\"https:\/\/bettstruckparts.com\/wp-content\/uploads\/2017\/12\/1550726.jpg\" alt=\"reparaci\u00f3n de ballestas\" width=\"1400\" height=\"1050\" srcset=\"https:\/\/bettstruckparts.com\/wp-content\/uploads\/2017\/12\/1550726.jpg 1400w, https:\/\/bettstruckparts.com\/wp-content\/uploads\/2017\/12\/1550726-300x225.jpg 300w, https:\/\/bettstruckparts.com\/wp-content\/uploads\/2017\/12\/1550726-1024x768.jpg 1024w, https:\/\/bettstruckparts.com\/wp-content\/uploads\/2017\/12\/1550726-768x576.jpg 768w\" sizes=\"(max-width: 1400px) 100vw, 1400px\" \/><\/b><\/h3>\n<h3><b>EVITE PROBLEMAS DE SUSPENSI\u00d3N INSPECCIONANDO PERI\u00d3DICAMENTE SUS BALLESTAS<\/b><\/h3>\n<p>Veh\u00edculos como semirremolques, autobuses, veh\u00edculos recreativos y camiones ligeros y medianos transportan cargas pesadas que ejercen una presi\u00f3n adicional sobre los ejes y los muelles helicoidales, lo que puede provocar un mayor desgaste del sistema de suspensi\u00f3n. Para ayudar a prevenir da\u00f1os, estos veh\u00edculos est\u00e1n equipados con ballestas para absorber los impactos, adem\u00e1s de la suspensi\u00f3n est\u00e1ndar de muelles helicoidales.<\/p>\n<p>Tanto los muelles helicoidales como los muelles de ballesta cumplen una funci\u00f3n esencial al mantener el control y la alineaci\u00f3n adecuados del veh\u00edculo y al absorber los impactos de cargas pesadas y superficies de conducci\u00f3n irregulares. Est\u00e1n hechos de acero duradero y construidos para durar varios a\u00f1os, pero estos muelles pueden desgastarse con el tiempo.<\/p>\n<p>Conducir con ballestas desgastadas o corro\u00eddas afecta a otros componentes del veh\u00edculo, como los neum\u00e1ticos, la alineaci\u00f3n y la suspensi\u00f3n, lo que puede afectar a la conducci\u00f3n del veh\u00edculo y a la distribuci\u00f3n del peso del remolque. Puede ayudar a mantener el sistema de suspensi\u00f3n de su cami\u00f3n o remolque inspeccionando las ballestas y los muelles helicoidales cada vez que lleve su cami\u00f3n al mantenimiento programado.<\/p>\n<h3>C\u00d3MO SABER CU\u00c1NDO HA LLEGADO EL MOMENTO DE REPARAR O SUSTITUIR LAS BALLESTAS<\/h3>\n<p><span style=\"font-weight: 400;\">Si nota un cambio en la forma en que su cami\u00f3n o semirremolque distribuye el peso o si se produce un cambio en la conducci\u00f3n o la direcci\u00f3n, es hora de hacer revisar las ballestas. Tanto la corrosi\u00f3n como la tensi\u00f3n provocada por el transporte de cargas pesadas o desiguales pueden hacer que las ballestas se agrieten, se abran o se aplanen, lo que las hace menos eficaces y puede da\u00f1ar los ejes o el sistema de suspensi\u00f3n del cami\u00f3n.<\/span><\/p>\n\n\t\t<\/div>\n\t<\/div>\n\n\t<div class=\"wpb_text_column wpb_content_element  vc_custom_1746996524247\" >\n\t\t<div class=\"wpb_wrapper\">\n\t\t\t<h3>Proporcionamos servicios de reparaci\u00f3n de ballesta a la zona de Sacramento<\/h3>\n<p>Nuestra \u00e1rea de servicio incluye:<br \/>\n<strong>Condado de Sacramento<\/strong><br \/>\n<strong>Condado de San Joaqu\u00edn<\/strong><br \/>\n<strong>Condado de Yolo<\/strong><br \/>\n<strong>Condado de Placer<\/strong><br \/>\n<strong>Condado de Solano<\/strong><\/p>\n<p>Betts Truck Parts &amp; Service es el proveedor l\u00edder de <a href=\"https:\/\/bettstruckparts.com\/es\/reparacion-de-camiones\/reparacion-de-ballestas\/reparacion-de-muelles-en-sacramento\/\">Reparaci\u00f3n y sustituci\u00f3n de ballestas en Sacramento <\/a>\u00a0y para el \u00e1rea circundante de Sacramento. Nuestro centro de servicio de clase mundial ofrece soluciones completas de reparaci\u00f3n y sustituci\u00f3n de ballestas para todo tipo de camiones y remolques. Damos servicio a una gama de veh\u00edculos, incluyendo:<\/p>\n<ul>\n<li>Camiones de las clases 6, 7 y 8<\/li>\n<li>Camiones ligeros y medianos<\/li>\n<li>Autobuses, autocaravanas y veh\u00edculos recreativos<\/li>\n<li>Maquinaria agr\u00edcola<\/li>\n<li>Remolques<\/li>\n<\/ul>\n<p><a href=\"https:\/\/bettstruckparts.com\/es\/contacto\/\">Solicitar una cita<\/a> para la sustituci\u00f3n de ballestas o <a href=\"https:\/\/bettstruckparts.com\/es\/lugares\/sacramento\/\">mantenimiento en nuestra sede de Sacramento<\/a>.<\/p>\n<p>Si nuestra sede de Sacramento est\u00e1 fuera de su zona, visite una de nuestras otras <a href=\"https:\/\/bettstruckparts.com\/es\/lugares\/\">centros de servicio<\/a>.<\/p>\n<h3>Servicio de Reparaci\u00f3n de Ballestas de Calidad en Sacramento Desde 1990<\/h3>\n<p><span style=\"font-weight: 400;\">Desde 1990, Betts Truck Parts &amp; Service sucursal Sacramento ha sido un proveedor de servicio completo de reparaci\u00f3n y reemplazo de resortes para semirremolques. Fue nuestro \u00fanico enfoque cuando empezamos, y s\u00f3lo hemos mejorado en los a\u00f1os transcurridos desde entonces. Servimos a O\/Os, conductores y flotas nacionales, regionales y locales, y ofrecemos piezas de alta calidad para trabajo pesado para reparaciones de bricolaje.<\/span><\/p>\n<h3>Programe hoy mismo su cita de reparaci\u00f3n de ballestas en Sacramento<\/h3>\n<p><a href=\"https:\/\/bettstruckparts.com\/es\/contacto\/\">P\u00f3ngase en contacto con nosotros<\/a> para programar la reparaci\u00f3n o sustituci\u00f3n de ballestas en nuestro taller de Sacramento o haga clic abajo para solicitar una cita.<\/p>\n\n\t\t<\/div>\n\t<\/div>\n<div class=\"ubtn-ctn-center\"><a class=\"ubtn-link ult-adjust-bottom-margin ubtn-center ubtn-normal\" href=\"\/es\/contact\/\" ><button type=\"button\" id=\"ubtn-4450\"  class=\"ubtn ult-adjust-bottom-margin ult-responsive ubtn-normal ubtn-fade-bg  none  ubtn-center   tooltip-69f244ee4f584\"  data-hover=\"#ffffff\" data-border-color=\"#ad172b\" data-bg=\"rgba(255,255,255,0.01)\" data-hover-bg=\"#ad172b\" data-border-hover=\"#ffffff\" data-shadow-hover=\"\" data-shadow-click=\"none\" data-shadow=\"\" data-shd-shadow=\"\"  data-ultimate-target='#ubtn-4450'  data-responsive-json-new='{\"font-size\":\"desktop:16px;\",\"line-height\":\"\"}'  style=\"font-weight:bold;border-radius:15px;border-width:2px;border-color:#ad172b;border-style:solid;background: rgba(255,255,255,0.01);color: #ad172b;\"><span class=\"ubtn-hover\" style=\"background-color:#ad172b\"><\/span><span class=\"ubtn-data ubtn-text\" >Concertar una cita<\/span><\/button><\/a><\/div><\/div><\/div><\/div><\/div>\n<\/div>","protected":false},"excerpt":{"rendered":"<p>Truck RepairAir Ride Control Wheel Alignment Service Auxiliary Power Brake Repair Services Custom U-Bolts DOT Inspection Drivetrain Repair Services Electrical Repair Leaf Spring Repair Steering Repair Suspension Services Truck Axle Repair Comprehensive Leaf Spring Repair &#8211; Sacramento, CA Schedule an Appointment Leaf Spring Repair Sacramento, CA Shop Location &amp; Hours Betts Truck Parts &amp; Service&hellip;<\/p>","protected":false},"author":4,"featured_media":2968,"parent":359,"menu_order":0,"comment_status":"closed","ping_status":"closed","template":"template-microsite.php","meta":{"footnotes":""},"class_list":["post-1100","page","type-page","status-publish","has-post-thumbnail","hentry","description-off"],"_links":{"self":[{"href":"https:\/\/bettstruckparts.com\/es\/wp-json\/wp\/v2\/pages\/1100","targetHints":{"allow":["GET"]}}],"collection":[{"href":"https:\/\/bettstruckparts.com\/es\/wp-json\/wp\/v2\/pages"}],"about":[{"href":"https:\/\/bettstruckparts.com\/es\/wp-json\/wp\/v2\/types\/page"}],"author":[{"embeddable":true,"href":"https:\/\/bettstruckparts.com\/es\/wp-json\/wp\/v2\/users\/4"}],"replies":[{"embeddable":true,"href":"https:\/\/bettstruckparts.com\/es\/wp-json\/wp\/v2\/comments?post=1100"}],"version-history":[{"count":0,"href":"https:\/\/bettstruckparts.com\/es\/wp-json\/wp\/v2\/pages\/1100\/revisions"}],"up":[{"embeddable":true,"href":"https:\/\/bettstruckparts.com\/es\/wp-json\/wp\/v2\/pages\/359"}],"wp:featuredmedia":[{"embeddable":true,"href":"https:\/\/bettstruckparts.com\/es\/wp-json\/wp\/v2\/media\/2968"}],"wp:attachment":[{"href":"https:\/\/bettstruckparts.com\/es\/wp-json\/wp\/v2\/media?parent=1100"}],"curies":[{"name":"wp","href":"https:\/\/api.w.org\/{rel}","templated":true}]}}