{"id":1099,"date":"2018-06-04T10:38:22","date_gmt":"2018-06-04T18:38:22","guid":{"rendered":"https:\/\/bettstruckparts.com\/?page_id=1099"},"modified":"2025-08-20T08:33:05","modified_gmt":"2025-08-20T16:33:05","slug":"reparacion-de-ballestas-fresno","status":"publish","type":"page","link":"https:\/\/bettstruckparts.com\/es\/truck-repair\/leaf-spring-repair\/leaf-spring-repair-fresno\/","title":{"rendered":"Reparaci\u00f3n de ballestas Fresno"},"content":{"rendered":"<div class=\"wpb-content-wrapper\"><div class=\"vc_row wpb_row vc_row-fluid vc_custom_1755618385592\"><div class=\"wpb_column vc_column_container vc_col-sm-12\"><div class=\"vc_column-inner\"><div class=\"wpb_wrapper\">\n\t<div class=\"wpb_text_column wpb_content_element\" >\n\t\t<div class=\"wpb_wrapper\">\n\t\t\t<h1 style=\"text-align: center;\">Reparaci\u00f3n fiable de muelles de ballesta Fresno, CA<\/h1>\n\n\t\t<\/div>\n\t<\/div>\n<div class=\"ubtn-ctn-center\"><a class=\"ubtn-link ult-adjust-bottom-margin ubtn-center ubtn-normal\" href=\"\/es\/contact\/\" ><button type=\"button\" id=\"ubtn-5645\"  class=\"ubtn ult-adjust-bottom-margin ult-responsive ubtn-normal ubtn-fade-bg  none  ubtn-center   tooltip-69d4f2b4bc1ce\"  data-hover=\"#ffffff\" data-border-color=\"#ad172b\" data-bg=\"rgba(255,255,255,0.01)\" data-hover-bg=\"#ad172b\" data-border-hover=\"#ffffff\" data-shadow-hover=\"\" data-shadow-click=\"none\" data-shadow=\"\" data-shd-shadow=\"\"  data-ultimate-target='#ubtn-5645'  data-responsive-json-new='{\"font-size\":\"desktop:16px;\",\"line-height\":\"\"}'  style=\"font-weight:bold;border-radius:15px;border-width:2px;border-color:#ad172b;border-style:solid;background: rgba(255,255,255,0.01);color: #ad172b;\"><span class=\"ubtn-hover\" style=\"background-color:#ad172b\"><\/span><span class=\"ubtn-data ubtn-text\" >Concertar una cita<\/span><\/button><\/a><\/div>\n\t<div class=\"wpb_text_column wpb_content_element  vc_custom_1755618637786\" >\n\t\t<div class=\"wpb_wrapper\">\n\t\t\t<h2>Fresno, CA Leaf Spring Taller de Reparaci\u00f3n de Ubicaci\u00f3n y Horas<\/h2>\n<p>Betts Truck Parts &amp; Service - Sucursal de Fresno<br \/>\n2867 Avenida South Maple<br \/>\nFresno, CA 93725<br \/>\n<strong>Tel\u00e9fono<\/strong>: 559-498-8624<br \/>\n<strong>Horas<\/strong>: Ver el <a href=\"https:\/\/bettstruckparts.com\/es\/lugares\/fresno\/\">P\u00e1gina de la sucursal de Fresno<\/a> horario de apertura<\/p>\n<h3><b><img decoding=\"async\" class=\"wp-image-718 size-medium alignright\" src=\"https:\/\/bettstruckparts.com\/wp-content\/uploads\/2017\/12\/1550726-300x225.jpg\" alt=\"reparaci\u00f3n de suspensiones en Betts Fresno\" width=\"300\" height=\"225\" srcset=\"https:\/\/bettstruckparts.com\/wp-content\/uploads\/2017\/12\/1550726-300x225.jpg 300w, https:\/\/bettstruckparts.com\/wp-content\/uploads\/2017\/12\/1550726-1024x768.jpg 1024w, https:\/\/bettstruckparts.com\/wp-content\/uploads\/2017\/12\/1550726-768x576.jpg 768w, https:\/\/bettstruckparts.com\/wp-content\/uploads\/2017\/12\/1550726.jpg 1400w\" sizes=\"(max-width: 300px) 100vw, 300px\" \/><\/b><\/h3>\n<h3>Un Legado de Suspensi\u00f3n y Reparaci\u00f3n de Ballestas en Fresno, CA<\/h3>\n<p>Nuestra tienda ha sido la fijaci\u00f3n de ballestas rotas para camiones y remolques en Fresno por m\u00e1s de 32 a\u00f1os. Vemos de todo, desde paquetes de muelles agrietados en Peterbilts hasta conjuntos completamente destrozados en remolques sobrecargados.<\/p>\n<p>El calor de Fresno y carreteras en mal estado entre Clovis y Madera golpear a los sistemas de suspensi\u00f3n bastante mal. Afortunadamente, nuestra tienda est\u00e1 justo al lado de la autopista 99, por lo que no tiene que cojear su equipo a trav\u00e9s del tr\u00e1fico del centro de Fresno.<\/p>\n<h3><strong>Tipos de muelles que instalamos:<\/strong><\/h3>\n<p>Paquetes de muelles de varias hojas, muelles de una hoja, muelles de \u00edndice progresivo y muelles de repuesto de alta resistencia. Adaptamos el tipo de muelle a la carga y las condiciones de conducci\u00f3n t\u00edpicas de su cami\u00f3n.<\/p>\n<h2><strong>Por qu\u00e9 los camiones de Fresno necesitan un mantenimiento peri\u00f3dico en primavera<\/strong><\/h2>\n<p>El Valle Central somete a las suspensiones de los camiones a una tensi\u00f3n \u00fanica. Los veranos calurosos dilatan el metal y resecan los casquillos de goma. Las cargas agr\u00edcolas son pesadas y desiguales. Los materiales de construcci\u00f3n crean una tensi\u00f3n de peso constante. Las carreteras entre Fresno y las ciudades circundantes como Clovis, Sanger y Selma tienen baches que golpean los componentes de la suspensi\u00f3n.<\/p>\n<p><img decoding=\"async\" class=\"size-medium wp-image-3295 alignleft\" src=\"https:\/\/bettstruckparts.com\/wp-content\/uploads\/2025\/08\/IMG_8587-300x225.jpg\" alt=\"reparaci\u00f3n de ballestas Fresno CA en una gr\u00faa\" width=\"300\" height=\"225\" srcset=\"https:\/\/bettstruckparts.com\/wp-content\/uploads\/2025\/08\/IMG_8587-300x225.jpg 300w, https:\/\/bettstruckparts.com\/wp-content\/uploads\/2025\/08\/IMG_8587-1024x768.jpg 1024w, https:\/\/bettstruckparts.com\/wp-content\/uploads\/2025\/08\/IMG_8587-768x576.jpg 768w, https:\/\/bettstruckparts.com\/wp-content\/uploads\/2025\/08\/IMG_8587-1536x1152.jpg 1536w, https:\/\/bettstruckparts.com\/wp-content\/uploads\/2025\/08\/IMG_8587-2048x1536.jpg 2048w, https:\/\/bettstruckparts.com\/wp-content\/uploads\/2025\/08\/IMG_8587-16x12.jpg 16w\" sizes=\"(max-width: 300px) 100vw, 300px\" \/>Recomendamos inspecciones de primavera cada 6 meses para camiones comerciales y anualmente para veh\u00edculos m\u00e1s ligeros. La detecci\u00f3n temprana de peque\u00f1as grietas evita fallos costosos y mantiene su equipo en funcionamiento.<\/p>\n<h2><strong>Reparaci\u00f3n de la suspensi\u00f3n<\/strong><\/h2>\n<p>Las ballestas forman parte de todo el sistema de suspensi\u00f3n. Cuando los muelles fallan, a menudo da\u00f1an los amortiguadores, los casquillos y los soportes de montaje. Nuestro\u00a0<a title=\"Servicios de suspensi\u00f3n\" href=\"https:\/\/bettstruckparts.com\/es\/reparacion-de-camiones\/servicios-de-suspension\/\"><strong>reparaci\u00f3n de suspensiones<\/strong><\/a>\u00a0incluye inspecciones completas para detectar problemas antes de que le dejen tirado.<\/p>\n<p>Hemos desmontado sistemas de suspensi\u00f3n que parec\u00edan estar bien por fuera, pero que ten\u00edan puntos de montaje agrietados y casquillos desgastados que habr\u00edan fallado en cuesti\u00f3n de semanas. Una inspecci\u00f3n exhaustiva ahorra dinero y evita aver\u00edas en carretera.<\/p>\n<h2><strong>Reparaci\u00f3n de ballestas de remolque<\/strong><\/h2>\n<p>Las ballestas de los remolques fallan de forma diferente a las de los camiones porque soportan cargas pesadas constantes. Vemos muchos ojos de resorte agrietados y bujes desgastados en remolques que recorren el corredor de la I-5 entre Bakersfield y Sacramento. Nuestro\u00a0<a href=\"https:\/\/bettstruckparts.com\/es\/reparacion-de-camiones\/reparacion-de-remolques\/\"><strong>reparaci\u00f3n de remolques<\/strong><\/a>\u00a0El servicio abarca desde remolques utilitarios de un solo eje hasta furgonetas secas de 53 pies.<\/p>\n<h3><b>AYUDE A PREVENIR PROBLEMAS DE SUSPENSI\u00d3N INSPECCIONANDO PERI\u00d3DICAMENTE SUS BALLESTAS<\/b><\/h3>\n<p>Los semirremolques, autobuses, veh\u00edculos recreativos, remolques y camiones ligeros y medianos transportan cargas pesadas que suponen una carga adicional para los ejes y otros componentes del veh\u00edculo. Para evitar da\u00f1os, estos tipos de veh\u00edculos suelen estar equipados con ballestas adem\u00e1s de la suspensi\u00f3n est\u00e1ndar de muelles helicoidales.<\/p>\n<p>Los muelles helicoidales cumplen una funci\u00f3n esencial al mantener el control y la alineaci\u00f3n adecuados del veh\u00edculo, y los muelles de ballesta ayudan a proteger los ejes de su semirremolque al absorber los impactos de cargas pesadas y carreteras irregulares. Aunque estas piezas est\u00e1n hechas de acero duradero y construidas para durar varios a\u00f1os, las ballestas y los muelles helicoidales pueden desgastarse con el tiempo debido a la corrosi\u00f3n y al desgaste general.<\/p>\n<p>Las ballestas desgastadas o corro\u00eddas no s\u00f3lo afectan a la forma en que su cami\u00f3n o semirremolque conduce y transporta cargas, sino que tambi\u00e9n pueden afectar a otras partes de su veh\u00edculo, como los neum\u00e1ticos, la alineaci\u00f3n y la suspensi\u00f3n. Por ello, siempre es mejor inspeccionar las ballestas y los muelles helicoidales durante las visitas rutinarias de reparaci\u00f3n y mantenimiento.<\/p>\n<h3><b>SE\u00d1ALES COMUNES DE QUE SUS BALLESTAS NECESITAN ATENCI\u00d3N<\/b><\/h3>\n<p>Su cami\u00f3n se asienta m\u00e1s bajo en un lado, oye ruidos chirriantes al girar o la conducci\u00f3n parece saltar e inestable. No ignore estas se\u00f1ales de advertencia. Una ballesta rota puede da\u00f1ar el eje o reventar los neum\u00e1ticos.<\/p>\n<p><span style=\"font-weight: 400;\">Si nota un cambio en la forma en que su cami\u00f3n o semirremolque distribuye el peso o si se produce un cambio en la conducci\u00f3n o la direcci\u00f3n, es hora de hacer revisar las ballestas. Tanto la corrosi\u00f3n como la tensi\u00f3n provocada por el transporte de cargas pesadas o desiguales pueden hacer que las ballestas se agrieten, se abran o se aplanen, lo que las hace menos eficaces y puede da\u00f1ar los ejes o el sistema de suspensi\u00f3n del cami\u00f3n.<\/span><\/p>\n<p><span style=\"font-weight: 400;\">Betts Truck Parts &amp; Service es el proveedor de servicio l\u00edder en el \u00e1rea de Fresno de <\/span><a href=\"https:\/\/bettstruckparts.com\/es\/reparacion-de-camiones\/reparacion-de-ballestas\/\"><span style=\"font-weight: 400;\">reparaci\u00f3n y sustituci\u00f3n de muelles de semirremolques<\/span><\/a><span style=\"font-weight: 400;\">. Nuestra ubicaci\u00f3n en Fresno ofrece un servicio completo de ballestas y mantenimiento para camiones y remolques de todas las marcas y modelos. <\/span><\/p>\n<p><span style=\"font-weight: 400;\">Atendemos a una amplia gama de camiones y veh\u00edculos pesados, incluyendo:<\/span><\/p>\n<ul>\n<li style=\"font-weight: 400;\" aria-level=\"1\"><span style=\"font-weight: 400;\">Camiones de las clases 6, 7 y 8<\/span><\/li>\n<li style=\"font-weight: 400;\" aria-level=\"1\"><span style=\"font-weight: 400;\">Camiones ligeros y medianos<\/span><\/li>\n<li style=\"font-weight: 400;\" aria-level=\"1\"><span style=\"font-weight: 400;\">Autobuses, autocaravanas, veh\u00edculos recreativos<\/span><\/li>\n<li style=\"font-weight: 400;\" aria-level=\"1\"><span style=\"font-weight: 400;\">Maquinaria agr\u00edcola<\/span><\/li>\n<li style=\"font-weight: 400;\" aria-level=\"1\"><span style=\"font-weight: 400;\">Remolques<\/span><\/li>\n<\/ul>\n<p><a href=\"https:\/\/bettstruckparts.com\/es\/contacto\/\"><span style=\"font-weight: 400;\">Solicitar una cita<\/span><\/a><span style=\"font-weight: 400;\"> para la reparaci\u00f3n o sustituci\u00f3n de ballestas en Fresno.<\/span><\/p>\n<p><span style=\"font-weight: 400;\">Si nuestro centro de Fresno est\u00e1 fuera de su alcance, visite uno de nuestros otros centros. <\/span><a href=\"https:\/\/bettstruckparts.com\/es\/lugares\/\"><span style=\"font-weight: 400;\">centros de servicio<\/span><\/a><span style=\"font-weight: 400;\">.<\/span><\/p>\n<h2><strong>\u00c1reas de servicio:\u00a0 <\/strong><\/h2>\n<p><strong>Cobertura local para <a title=\"servicios de reparaci\u00f3n de camiones\" href=\"https:\/\/bettstruckparts.com\/es\/reparacion-de-camiones\/\">servicios de reparaci\u00f3n de camiones<\/a>: <\/strong>\u00a0<a title=\"Noroeste de Fresno\" href=\"https:\/\/fresyes.com\/northwest-fresno\/\" target=\"_blank\" rel=\"noopener\">Noroeste de Fresno<\/a>, <a title=\"Distrito de la Torre\" href=\"https:\/\/www.visitcalifornia.com\/experience\/fresnos-tower-district\/\" target=\"_blank\" rel=\"noopener\">Distrito de la Torre<\/a>, <a title=\"Clovis\" href=\"https:\/\/en.wikipedia.org\/wiki\/Clovis,_California\" target=\"_blank\" rel=\"noopener\">Clovis<\/a>, <a title=\"Sunnyside\" href=\"https:\/\/www.niche.com\/places-to-live\/sunnyside-fresno-ca\/\" target=\"_blank\" rel=\"noopener\">Sunnyside<\/a>y todas las \u00e1reas circundantes, incluyendo <a title=\"Coarsegold\" href=\"https:\/\/coarsegoldca.com\/\" target=\"_blank\" rel=\"noopener\">Coarsegold<\/a> y <a title=\"Oakhurst CA\" href=\"https:\/\/en.wikipedia.org\/wiki\/Oakhurst,_California\" target=\"_blank\" rel=\"noopener\">Oakhurst<\/a>, <a title=\"Sanger, CA\" href=\"https:\/\/www.ci.sanger.ca.us\/\" target=\"_blank\" rel=\"noopener\">Sanger<\/a>, <a title=\"Selma, CA\" href=\"https:\/\/www.cityofselma.com\/\" target=\"_blank\" rel=\"noopener\">Selma<\/a>, <a title=\"Kingsburg, CA\" href=\"https:\/\/www.cityofkingsburg-ca.gov\/\" target=\"_blank\" rel=\"noopener\">Kingsburg<\/a>, <a title=\"Tulare, CA\" href=\"https:\/\/www.tulare.ca.gov\/\" target=\"_blank\" rel=\"noopener\">Tulare<\/a>, <a title=\"Lemoore, CA\" href=\"https:\/\/lemoore.com\/\" target=\"_blank\" rel=\"noopener\">Lemoore<\/a>, <a title=\"Hanford, CA\" href=\"https:\/\/www.ci.hanford.ca.us\/\" target=\"_blank\" rel=\"noopener\">Hanford<\/a>, <a title=\"Madera, CA\" href=\"https:\/\/www.madera.gov\/\" target=\"_blank\" rel=\"noopener\">Madera<\/a>y <a title=\"Kerman, CA\" href=\"https:\/\/www.cityofkerman.net\/\" target=\"_blank\" rel=\"noopener\">Kerman<\/a>.<\/p>\n<h3><b>Servicio de Reparaci\u00f3n de Ballestas de Calidad en Fresno Desde 1992<\/b><\/h3>\n<p><span style=\"font-weight: 400;\">Desde 1992, Betts Truck Parts &amp; Service Fresno branch ha sido un proveedor de servicio completo de reparaci\u00f3n y reemplazo de resortes para semirremolques. Fue nuestro \u00fanico enfoque cuando empezamos, y s\u00f3lo hemos mejorado en los a\u00f1os desde entonces. <\/span><\/p>\n<p><span style=\"font-weight: 400;\">Prestamos servicio a O\/O, conductores y flotas nacionales, regionales y locales, y ofrecemos piezas de alta calidad para trabajos pesados para reparaciones de bricolaje.<\/span><\/p>\n<p>Nuestro taller cuenta con las herramientas y la experiencia adecuadas para solucionar cualquier problema de ballestas y <a href=\"https:\/\/bettstruckparts.com\/es\/reparacion-de-camiones\/alineacion-de-ruedas-de-camiones\/\">servicios de alineaci\u00f3n de ruedas<\/a> siguientes reparaciones y sustituci\u00f3n de ballestas. Almacenamos piezas de calidad y respaldamos nuestro trabajo con garant\u00edas s\u00f3lidas. Cuando sus resortes fallan en Fresno, llame al equipo que le permite volver a trabajar r\u00e1pido.<\/p>\n<h3>Experimente la mejor reparaci\u00f3n de ballestas con Betts<\/h3>\n<p>Durante m\u00e1s de 30 a\u00f1os, la reparaci\u00f3n y sustituci\u00f3n de ballestas ha sido la especialidad de Betts Truck Parts &amp; Service #1. Tenemos una amplia experiencia y conocimientos que nos permiten ofrecer un servicio superior y apoyo a los O \/ O, conductores y flotas de todos los tama\u00f1os. Ofrecemos un servicio completo de reparaci\u00f3n y sustituci\u00f3n, as\u00ed como piezas y componentes de ballestas de primera calidad para su sustituci\u00f3n por usted mismo.<\/p>\n<h3>P\u00f3ngase en contacto con nuestro taller de reparaci\u00f3n de Fresno para programar su servicio de cami\u00f3n o remolque<\/h3>\n<p>Programe hoy mismo su servicio de reparaci\u00f3n de ballestas o <a href=\"https:\/\/bettstruckparts.com\/es\/contacto\/\">Contacto<\/a> para aprender m\u00e1s acerca de las opciones de servicio de reparaci\u00f3n de camiones en nuestra tienda en Fresno, California.<\/p>\n\n\t\t<\/div>\n\t<\/div>\n<div class=\"ubtn-ctn-center\"><a class=\"ubtn-link ult-adjust-bottom-margin ubtn-center ubtn-normal\" href=\"\/es\/contact\/\" ><button type=\"button\" id=\"ubtn-8632\"  class=\"ubtn ult-adjust-bottom-margin ult-responsive ubtn-normal ubtn-fade-bg  none  ubtn-center   tooltip-69d4f2b4bc394\"  data-hover=\"#ffffff\" data-border-color=\"#ad172b\" data-bg=\"rgba(255,255,255,0.01)\" data-hover-bg=\"#ad172b\" data-border-hover=\"#ffffff\" data-shadow-hover=\"\" data-shadow-click=\"none\" data-shadow=\"\" data-shd-shadow=\"\"  data-ultimate-target='#ubtn-8632'  data-responsive-json-new='{\"font-size\":\"desktop:16px;\",\"line-height\":\"\"}'  style=\"font-weight:bold;border-radius:15px;border-width:2px;border-color:#ad172b;border-style:solid;background: rgba(255,255,255,0.01);color: #ad172b;\"><span class=\"ubtn-hover\" style=\"background-color:#ad172b\"><\/span><span class=\"ubtn-data ubtn-text\" >Concertar una cita<\/span><\/button><\/a><\/div><\/div><\/div><\/div><\/div>\n<\/div>","protected":false},"excerpt":{"rendered":"<p>Reliable Leaf Spring Repair Fresno, CA Schedule an Appointment Fresno, CA Leaf Spring Repair Shop Location and Hours Betts Truck Parts &amp; Service &#8211; Fresno Branch 2867 South Maple Avenue Fresno, CA 93725 Phone: 559-498-8624 Hours: See the Fresno branch location page for hours of operation A Legacy of Suspension and Leaf Spring Repair in&hellip;<\/p>","protected":false},"author":4,"featured_media":0,"parent":359,"menu_order":0,"comment_status":"closed","ping_status":"closed","template":"template-microsite.php","meta":{"footnotes":""},"class_list":["post-1099","page","type-page","status-publish","hentry","description-off"],"_links":{"self":[{"href":"https:\/\/bettstruckparts.com\/es\/wp-json\/wp\/v2\/pages\/1099","targetHints":{"allow":["GET"]}}],"collection":[{"href":"https:\/\/bettstruckparts.com\/es\/wp-json\/wp\/v2\/pages"}],"about":[{"href":"https:\/\/bettstruckparts.com\/es\/wp-json\/wp\/v2\/types\/page"}],"author":[{"embeddable":true,"href":"https:\/\/bettstruckparts.com\/es\/wp-json\/wp\/v2\/users\/4"}],"replies":[{"embeddable":true,"href":"https:\/\/bettstruckparts.com\/es\/wp-json\/wp\/v2\/comments?post=1099"}],"version-history":[{"count":0,"href":"https:\/\/bettstruckparts.com\/es\/wp-json\/wp\/v2\/pages\/1099\/revisions"}],"up":[{"embeddable":true,"href":"https:\/\/bettstruckparts.com\/es\/wp-json\/wp\/v2\/pages\/359"}],"wp:attachment":[{"href":"https:\/\/bettstruckparts.com\/es\/wp-json\/wp\/v2\/media?parent=1099"}],"curies":[{"name":"wp","href":"https:\/\/api.w.org\/{rel}","templated":true}]}}