{"id":1097,"date":"2018-06-04T10:21:56","date_gmt":"2018-06-04T18:21:56","guid":{"rendered":"https:\/\/bettstruckparts.com\/?page_id=1097"},"modified":"2025-07-24T06:02:03","modified_gmt":"2025-07-24T14:02:03","slug":"fontana","status":"publish","type":"page","link":"https:\/\/bettstruckparts.com\/es\/truck-repair\/leaf-spring-repair\/fontana\/","title":{"rendered":"Reparaci\u00f3n de muelles Fontana"},"content":{"rendered":"<div class=\"wpb-content-wrapper\"><div class=\"vc_row wpb_row vc_row-fluid vc_custom_1516047752276 vc_row-has-fill vc_row-o-equal-height vc_row-flex\"><div class=\"wpb_column vc_column_container vc_col-sm-12\"><div class=\"vc_column-inner vc_custom_1510682076814\"><div class=\"wpb_wrapper\"><div class=\"vc_row wpb_row vc_inner vc_row-fluid vc_custom_1748200693837\"><div class=\"wpb_column vc_column_container vc_col-sm-12\"><div class=\"vc_column-inner vc_custom_1486667994280\"><div class=\"wpb_wrapper\">\n\t<div class=\"wpb_text_column wpb_content_element\" >\n\t\t<div class=\"wpb_wrapper\">\n\t\t\t<h1 style=\"text-align: center;\">#1 Taller de Reparaci\u00f3n de Ballestas en Fontana, CA<\/h1>\n\n\t\t<\/div>\n\t<\/div>\n<div class=\"ubtn-ctn-center\"><a class=\"ubtn-link ult-adjust-bottom-margin ubtn-center ubtn-normal\" href=\"\/es\/contact\/\" ><button type=\"button\" id=\"ubtn-6856\"  class=\"ubtn ult-adjust-bottom-margin ult-responsive ubtn-normal ubtn-fade-bg  none  ubtn-center   tooltip-69f0ea0f7738a\"  data-hover=\"#ffffff\" data-border-color=\"#ad172b\" data-bg=\"rgba(255,255,255,0.01)\" data-hover-bg=\"#ad172b\" data-border-hover=\"#ffffff\" data-shadow-hover=\"\" data-shadow-click=\"none\" data-shadow=\"\" data-shd-shadow=\"\"  data-ultimate-target='#ubtn-6856'  data-responsive-json-new='{\"font-size\":\"desktop:16px;\",\"line-height\":\"\"}'  style=\"font-weight:bold;border-radius:15px;border-width:2px;border-color:#ad172b;border-style:solid;background: rgba(255,255,255,0.01);color: #ad172b;\"><span class=\"ubtn-hover\" style=\"background-color:#ad172b\"><\/span><span class=\"ubtn-data ubtn-text\" >Concertar una cita<\/span><\/button><\/a><\/div>\n\t<div class=\"wpb_text_column wpb_content_element  vc_custom_1753363231463\" >\n\t\t<div class=\"wpb_wrapper\">\n\t\t\t<h2>Betts Truck Parts - Taller de reparaci\u00f3n de ballestas en Fontana<\/h2>\n<p>Ubicaci\u00f3n de la sucursal e informaci\u00f3n de contacto:<br \/>\n10007 Avenida del Olmo<br \/>\nFontana, CA 92335<br \/>\n<strong>Tel\u00e9fono<\/strong>: 909-427-9988<br \/>\n<strong>Horas<\/strong>: Ver el <a href=\"https:\/\/bettstruckparts.com\/es\/lugares\/fontana\/\">P\u00e1gina de la sucursal de Fontana<\/a> horario de apertura<\/p>\n<p><a href=\"https:\/\/bettstruckparts.com\/es\/lugares\/fontana\/\"><span style=\"font-weight: 400;\">Solicitar una cita<\/span><\/a><span style=\"font-weight: 400;\"> para la reparaci\u00f3n de ballestas en Fontana.<\/span><\/p>\n<p><span style=\"font-weight: 400;\">Si nuestra ubicaci\u00f3n en Fontana, CA est\u00e1 fuera de su alcance, visite uno de nuestros otros <\/span><a href=\"https:\/\/bettstruckparts.com\/es\/lugares\/\"><span style=\"font-weight: 400;\">centros de servicio<\/span><\/a><span style=\"font-weight: 400;\">.<\/span><\/p>\n<h2><b><img decoding=\"async\" class=\"aligncenter wp-image-718\" src=\"https:\/\/bettstruckparts.com\/wp-content\/uploads\/2017\/12\/1550726.jpg\" alt=\"reparaci\u00f3n de ballestas\" width=\"583\" height=\"438\" srcset=\"https:\/\/bettstruckparts.com\/wp-content\/uploads\/2017\/12\/1550726.jpg 1400w, https:\/\/bettstruckparts.com\/wp-content\/uploads\/2017\/12\/1550726-300x225.jpg 300w, https:\/\/bettstruckparts.com\/wp-content\/uploads\/2017\/12\/1550726-1024x768.jpg 1024w, https:\/\/bettstruckparts.com\/wp-content\/uploads\/2017\/12\/1550726-768x576.jpg 768w\" sizes=\"(max-width: 583px) 100vw, 583px\" \/><\/b><\/h2>\n<h2><b>AYUDE A PREVENIR PROBLEMAS DE SUSPENSI\u00d3N INSPECCIONANDO PERI\u00d3DICAMENTE SUS BALLESTAS<\/b><\/h2>\n<p><span style=\"font-weight: 400;\">Un sistema de suspensi\u00f3n de muelles helicoidales est\u00e1ndar es suficiente para la mayor\u00eda de los veh\u00edculos, pero los semirremolques, camiones ligeros y semipesados, autocaravanas, veh\u00edculos recreativos y autobuses suelen requerir la instalaci\u00f3n de ballestas para reducir la tensi\u00f3n que las cargas pesadas ejercen sobre los muelles helicoidales y los ejes.<\/span><\/p>\n<p><span style=\"font-weight: 400;\">Tanto los muelles helicoidales como las ballestas cumplen una funci\u00f3n esencial al mantener el control y la alineaci\u00f3n adecuados del veh\u00edculo absorbiendo los impactos. Est\u00e1n fabricados con acero duradero y est\u00e1n hechos para durar varios a\u00f1os, pero con el tiempo pueden romperse o perder su resistencia debido a la corrosi\u00f3n y al desgaste general.<\/span><\/p>\n<p><span style=\"font-weight: 400;\">Conducir con muelles corro\u00eddos o desgastados es perjudicial para su cami\u00f3n y puede afectar a otros componentes como los neum\u00e1ticos, la alineaci\u00f3n y la suspensi\u00f3n. Para evitar da\u00f1os innecesarios y costosos a su cami\u00f3n o remolque, siempre debe tener sus ballestas y muelles espirales inspeccionados durante las visitas de reparaci\u00f3n y mantenimiento de rutina.<\/span><\/p>\n<h2><b>C\u00d3MO SABER CU\u00c1NDO HA LLEGADO EL MOMENTO DE REPARAR O SUSTITUIR LAS BALLESTAS<\/b><\/h2>\n<p><span style=\"font-weight: 400;\">Si nota un cambio en la forma en que su cami\u00f3n o semirremolque distribuye el peso o si se produce un cambio en la conducci\u00f3n o la direcci\u00f3n, es hora de hacer revisar las ballestas. Tanto la corrosi\u00f3n como la tensi\u00f3n provocada por el transporte de cargas pesadas o desiguales pueden hacer que las ballestas se agrieten, se abran o se aplanen, lo que las hace menos eficaces y puede da\u00f1ar los ejes o el sistema de suspensi\u00f3n del cami\u00f3n.<\/span><\/p>\n<p><span style=\"font-weight: 400;\">Betts Truck Parts &amp; Service es el proveedor l\u00edder de Fontana de <\/span><a href=\"https:\/\/bettstruckparts.com\/es\/reparacion-de-camiones\/reparacion-de-ballestas\/\"><span style=\"font-weight: 400;\">reparaci\u00f3n y sustituci\u00f3n de muelles de semirremolques<\/span><\/a><span style=\"font-weight: 400;\">. Nuestra ubicaci\u00f3n Fontana ofrece servicio completo de ballesta y mantenimiento para camiones y remolques de todas las marcas y modelos. <\/span><\/p>\n<p><span style=\"font-weight: 400;\">Atendemos a una amplia gama de camiones y veh\u00edculos, incluyendo:<\/span><\/p>\n<ul>\n<li style=\"font-weight: 400;\" aria-level=\"1\"><span style=\"font-weight: 400;\">Camiones de las clases 6, 7 y 8<\/span><\/li>\n<li style=\"font-weight: 400;\" aria-level=\"1\"><span style=\"font-weight: 400;\">Camiones ligeros y medianos<\/span><\/li>\n<li style=\"font-weight: 400;\" aria-level=\"1\"><span style=\"font-weight: 400;\">Autobuses, autocaravanas, veh\u00edculos recreativos<\/span><\/li>\n<li style=\"font-weight: 400;\" aria-level=\"1\"><span style=\"font-weight: 400;\">Maquinaria agr\u00edcola<\/span><\/li>\n<li style=\"font-weight: 400;\" aria-level=\"1\"><span style=\"font-weight: 400;\">Remolques<\/span><\/li>\n<\/ul>\n<p>Para garantizar un rendimiento duradero de la suspensi\u00f3n de su cami\u00f3n, le recomendamos <a title=\"m\u00e1s informaci\u00f3n sobre ballestas de alta calidad directamente de Triangle Suspension Systems\" href=\"https:\/\/www.triangleusa.com\/\" target=\"_blank\" rel=\"noopener\">m\u00e1s informaci\u00f3n sobre ballestas de alta calidad directamente de Triangle Suspension Systems<\/a>-uno de los principales fabricantes norteamericanos de ballestas, componentes de suspensi\u00f3n y tecnolog\u00eda de muelles para veh\u00edculos pesados. Explore su experiencia y sus opciones de productos para comprender mejor qu\u00e9 soluciones de ballestas pueden adaptarse mejor a los requisitos de su cami\u00f3n o remolque.<\/p>\n<h2><b>Servicio de ballestas de calidad desde 1995<\/b><\/h2>\n<p><span style=\"font-weight: 400;\">Desde 1995, Betts Truck Parts &amp; Service Fontana branch ha sido un taller de servicio completo de reparaci\u00f3n de ballestas para semirremolques. Fue nuestro \u00fanico enfoque cuando empezamos, y s\u00f3lo hemos mejorado en los a\u00f1os desde entonces. <\/span><\/p>\n<p><span style=\"font-weight: 400;\">Prestamos servicio a O\/O, conductores y flotas nacionales, regionales y locales, y ofrecemos piezas de alta calidad para trabajos pesados para reparaciones de bricolaje.<\/span><\/p>\n<h2><img decoding=\"async\" class=\"size-medium wp-image-3242 alignleft\" src=\"https:\/\/bettstruckparts.com\/wp-content\/uploads\/2025\/07\/IMG_3066-300x225.jpeg\" alt=\"Taller de reparaci\u00f3n de ballestas en Fontana CA - Scelzi truck leaf spring repair\" width=\"300\" height=\"225\" srcset=\"https:\/\/bettstruckparts.com\/wp-content\/uploads\/2025\/07\/IMG_3066-300x225.jpeg 300w, https:\/\/bettstruckparts.com\/wp-content\/uploads\/2025\/07\/IMG_3066-1024x768.jpeg 1024w, https:\/\/bettstruckparts.com\/wp-content\/uploads\/2025\/07\/IMG_3066-768x576.jpeg 768w, https:\/\/bettstruckparts.com\/wp-content\/uploads\/2025\/07\/IMG_3066-16x12.jpeg 16w, https:\/\/bettstruckparts.com\/wp-content\/uploads\/2025\/07\/IMG_3066.jpeg 1280w\" sizes=\"(max-width: 300px) 100vw, 300px\" \/>Programe su cita con nuestro taller de Fontana, CA<\/h2>\n<p><a href=\"https:\/\/bettstruckparts.com\/es\/contacto\/\">P\u00f3ngase en contacto con nosotros<\/a> para aprender m\u00e1s sobre la reparaci\u00f3n y el reemplazo del resorte de hoja o programe su servicio abajo. Si nuestra ubicaci\u00f3n Fontana est\u00e1 fuera de su \u00e1rea, por favor visite uno de nuestros otros <a href=\"https:\/\/bettstruckparts.com\/es\/lugares\/\">centros de servicio<\/a>.<\/p>\n\n\t\t<\/div>\n\t<\/div>\n<div class=\"ubtn-ctn-center\"><a class=\"ubtn-link ult-adjust-bottom-margin ubtn-center ubtn-normal\" href=\"\/es\/contact\/\" ><button type=\"button\" id=\"ubtn-7826\"  class=\"ubtn ult-adjust-bottom-margin ult-responsive ubtn-normal ubtn-fade-bg  none  ubtn-center   tooltip-69f0ea0f774fa\"  data-hover=\"#ffffff\" data-border-color=\"#ad172b\" data-bg=\"rgba(255,255,255,0.01)\" data-hover-bg=\"#ad172b\" data-border-hover=\"#ffffff\" data-shadow-hover=\"\" data-shadow-click=\"none\" data-shadow=\"\" data-shd-shadow=\"\"  data-ultimate-target='#ubtn-7826'  data-responsive-json-new='{\"font-size\":\"desktop:16px;\",\"line-height\":\"\"}'  style=\"font-weight:bold;border-radius:15px;border-width:2px;border-color:#ad172b;border-style:solid;background: rgba(255,255,255,0.01);color: #ad172b;\"><span class=\"ubtn-hover\" style=\"background-color:#ad172b\"><\/span><span class=\"ubtn-data ubtn-text\" >Concertar una cita<\/span><\/button><\/a><\/div><\/div><\/div><\/div><\/div><\/div><\/div><\/div><\/div>\n<\/div>","protected":false},"excerpt":{"rendered":"<p>#1 Leaf Spring Repair Shop in Fontana, CA Schedule an Appointment Betts Truck Parts \u2022 Leaf Spring Repair Shop in Fontana Branch Location &amp; Contact Information: 10007 Elm Avenue Fontana, CA 92335 Phone: 909-427-9988 Hours: See the Fontana branch location page for hours of operation Request an appointment for leaf spring repair in Fontana. If&hellip;<\/p>","protected":false},"author":4,"featured_media":0,"parent":359,"menu_order":0,"comment_status":"closed","ping_status":"closed","template":"template-microsite.php","meta":{"footnotes":""},"class_list":["post-1097","page","type-page","status-publish","hentry","description-off"],"_links":{"self":[{"href":"https:\/\/bettstruckparts.com\/es\/wp-json\/wp\/v2\/pages\/1097","targetHints":{"allow":["GET"]}}],"collection":[{"href":"https:\/\/bettstruckparts.com\/es\/wp-json\/wp\/v2\/pages"}],"about":[{"href":"https:\/\/bettstruckparts.com\/es\/wp-json\/wp\/v2\/types\/page"}],"author":[{"embeddable":true,"href":"https:\/\/bettstruckparts.com\/es\/wp-json\/wp\/v2\/users\/4"}],"replies":[{"embeddable":true,"href":"https:\/\/bettstruckparts.com\/es\/wp-json\/wp\/v2\/comments?post=1097"}],"version-history":[{"count":0,"href":"https:\/\/bettstruckparts.com\/es\/wp-json\/wp\/v2\/pages\/1097\/revisions"}],"up":[{"embeddable":true,"href":"https:\/\/bettstruckparts.com\/es\/wp-json\/wp\/v2\/pages\/359"}],"wp:attachment":[{"href":"https:\/\/bettstruckparts.com\/es\/wp-json\/wp\/v2\/media?parent=1097"}],"curies":[{"name":"wp","href":"https:\/\/api.w.org\/{rel}","templated":true}]}}